{"id":10,"date":"2015-03-18T20:27:59","date_gmt":"2015-03-18T19:27:59","guid":{"rendered":"http:\/\/mathematik-fuer-ingenieure.de\/?page_id=10"},"modified":"2016-03-14T11:15:00","modified_gmt":"2016-03-14T10:15:00","slug":"2-auflage-2012","status":"publish","type":"page","link":"https:\/\/mathematik-fuer-ingenieure.de\/?page_id=10","title":{"rendered":"2. Auflage"},"content":{"rendered":"<p><a href=\"http:\/\/mathematik-fuer-ingenieure.de\/wp-content\/uploads\/2015\/03\/MfdI2_big.jpg\"><img loading=\"lazy\" decoding=\"async\" class=\" size-medium wp-image-102 alignleft\" src=\"http:\/\/mathematik-fuer-ingenieure.de\/wp-content\/uploads\/2015\/03\/MfdI2_big-188x300.jpg\" alt=\"MfdI2_big\" width=\"188\" height=\"300\" srcset=\"https:\/\/mathematik-fuer-ingenieure.de\/wp-content\/uploads\/2015\/03\/MfdI2_big-188x300.jpg 188w, https:\/\/mathematik-fuer-ingenieure.de\/wp-content\/uploads\/2015\/03\/MfdI2_big-1x1.jpg 1w, https:\/\/mathematik-fuer-ingenieure.de\/wp-content\/uploads\/2015\/03\/MfdI2_big.jpg 598w\" sizes=\"auto, (max-width: 188px) 100vw, 188px\" \/><\/a><\/p>\n<p>Die Korrekturen werden nicht in allen PDF-Viewern vollst\u00e4ndig angezeigt. Wir empfehlen die Verwendung von Adobe Acrobat Reader.<\/p>\n<p>-&gt; <a href=\"http:\/\/mathematik-fuer-ingenieure.de\/wp-content\/uploads\/2016\/03\/koch_staempfle_mathematik_fuer_ingenieure_errata_auflage_2.pdf\">Korrekturen f\u00fcr die 2. Auflage, Stand 11. M\u00e4rz 2016<\/a><\/p>\n<p>-&gt;\u00a0<a href=\"http:\/\/mathematik-fuer-ingenieure.de\/wp-content\/uploads\/2015\/03\/MfdI_loesungen_2014_12_04.pdf\">L\u00f6sungen der Aufgaben f\u00fcr die 2. Auflage, Stand 4. Dezember 2014<\/a><\/p>\n","protected":false},"excerpt":{"rendered":"<p>Die Korrekturen werden nicht in allen PDF-Viewern vollst\u00e4ndig angezeigt. Wir empfehlen die Verwendung von Adobe Acrobat Reader. -&gt; Korrekturen f\u00fcr die 2. Auflage, Stand 11. M\u00e4rz 2016 -&gt;\u00a0L\u00f6sungen der Aufgaben f\u00fcr die 2. Auflage, Stand 4. Dezember 2014<\/p>\n","protected":false},"author":1,"featured_media":0,"parent":0,"menu_order":1,"comment_status":"closed","ping_status":"closed","template":"","meta":{"footnotes":""},"class_list":["post-10","page","type-page","status-publish","hentry"],"_links":{"self":[{"href":"https:\/\/mathematik-fuer-ingenieure.de\/index.php?rest_route=\/wp\/v2\/pages\/10","targetHints":{"allow":["GET"]}}],"collection":[{"href":"https:\/\/mathematik-fuer-ingenieure.de\/index.php?rest_route=\/wp\/v2\/pages"}],"about":[{"href":"https:\/\/mathematik-fuer-ingenieure.de\/index.php?rest_route=\/wp\/v2\/types\/page"}],"author":[{"embeddable":true,"href":"https:\/\/mathematik-fuer-ingenieure.de\/index.php?rest_route=\/wp\/v2\/users\/1"}],"replies":[{"embeddable":true,"href":"https:\/\/mathematik-fuer-ingenieure.de\/index.php?rest_route=%2Fwp%2Fv2%2Fcomments&post=10"}],"version-history":[{"count":17,"href":"https:\/\/mathematik-fuer-ingenieure.de\/index.php?rest_route=\/wp\/v2\/pages\/10\/revisions"}],"predecessor-version":[{"id":193,"href":"https:\/\/mathematik-fuer-ingenieure.de\/index.php?rest_route=\/wp\/v2\/pages\/10\/revisions\/193"}],"wp:attachment":[{"href":"https:\/\/mathematik-fuer-ingenieure.de\/index.php?rest_route=%2Fwp%2Fv2%2Fmedia&parent=10"}],"curies":[{"name":"wp","href":"https:\/\/api.w.org\/{rel}","templated":true}]}}