{"id":12,"date":"2015-03-18T20:28:16","date_gmt":"2015-03-18T19:28:16","guid":{"rendered":"http:\/\/mathematik-fuer-ingenieure.de\/?page_id=12"},"modified":"2016-03-14T11:16:50","modified_gmt":"2016-03-14T10:16:50","slug":"1-auflage-2010","status":"publish","type":"page","link":"https:\/\/mathematik-fuer-ingenieure.de\/?page_id=12","title":{"rendered":"1. Auflage"},"content":{"rendered":"<p><a href=\"http:\/\/mathematik-fuer-ingenieure.de\/wp-content\/uploads\/2015\/03\/MfdI_big.jpg\"><img loading=\"lazy\" decoding=\"async\" class=\" size-medium wp-image-101 alignleft\" src=\"http:\/\/mathematik-fuer-ingenieure.de\/wp-content\/uploads\/2015\/03\/MfdI_big-205x300.jpg\" alt=\"MfdI_big\" width=\"205\" height=\"300\" srcset=\"https:\/\/mathematik-fuer-ingenieure.de\/wp-content\/uploads\/2015\/03\/MfdI_big-205x300.jpg 205w, https:\/\/mathematik-fuer-ingenieure.de\/wp-content\/uploads\/2015\/03\/MfdI_big-1x1.jpg 1w, https:\/\/mathematik-fuer-ingenieure.de\/wp-content\/uploads\/2015\/03\/MfdI_big.jpg 699w\" sizes=\"auto, (max-width: 205px) 100vw, 205px\" \/><\/a><\/p>\n<p>Die Korrekturen werden nicht in allen PDF-Viewern vollst\u00e4ndig angezeigt. Wir empfehlen die Verwendung von Adobe Acrobat Reader .<\/p>\n<p>-&gt; <a href=\"http:\/\/mathematik-fuer-ingenieure.de\/wp-content\/uploads\/2016\/03\/koch_staempfle_mathematik_fuer_ingenieure_errata_auflage_1.pdf\">Korrekturen f\u00fcr die 1. Auflage, Stand 11. M\u00e4rz 2016<\/a><\/p>\n<p>-&gt;\u00a0<a href=\"http:\/\/mathematik-fuer-ingenieure.de\/wp-content\/uploads\/2015\/03\/MfdI_loesungen_2014_12_04.pdf\">L\u00f6sungen der Aufgaben f\u00fcr die 1. Auflage, Stand 4. Dezember 2014<\/a><\/p>\n","protected":false},"excerpt":{"rendered":"<p>Die Korrekturen werden nicht in allen PDF-Viewern vollst\u00e4ndig angezeigt. Wir empfehlen die Verwendung von Adobe Acrobat Reader . -&gt; Korrekturen f\u00fcr die 1. Auflage, Stand 11. M\u00e4rz 2016 -&gt;\u00a0L\u00f6sungen der Aufgaben f\u00fcr die 1. Auflage, Stand 4. Dezember 2014<\/p>\n","protected":false},"author":1,"featured_media":0,"parent":0,"menu_order":2,"comment_status":"closed","ping_status":"closed","template":"","meta":{"footnotes":""},"class_list":["post-12","page","type-page","status-publish","hentry"],"_links":{"self":[{"href":"https:\/\/mathematik-fuer-ingenieure.de\/index.php?rest_route=\/wp\/v2\/pages\/12","targetHints":{"allow":["GET"]}}],"collection":[{"href":"https:\/\/mathematik-fuer-ingenieure.de\/index.php?rest_route=\/wp\/v2\/pages"}],"about":[{"href":"https:\/\/mathematik-fuer-ingenieure.de\/index.php?rest_route=\/wp\/v2\/types\/page"}],"author":[{"embeddable":true,"href":"https:\/\/mathematik-fuer-ingenieure.de\/index.php?rest_route=\/wp\/v2\/users\/1"}],"replies":[{"embeddable":true,"href":"https:\/\/mathematik-fuer-ingenieure.de\/index.php?rest_route=%2Fwp%2Fv2%2Fcomments&post=12"}],"version-history":[{"count":15,"href":"https:\/\/mathematik-fuer-ingenieure.de\/index.php?rest_route=\/wp\/v2\/pages\/12\/revisions"}],"predecessor-version":[{"id":195,"href":"https:\/\/mathematik-fuer-ingenieure.de\/index.php?rest_route=\/wp\/v2\/pages\/12\/revisions\/195"}],"wp:attachment":[{"href":"https:\/\/mathematik-fuer-ingenieure.de\/index.php?rest_route=%2Fwp%2Fv2%2Fmedia&parent=12"}],"curies":[{"name":"wp","href":"https:\/\/api.w.org\/{rel}","templated":true}]}}