{"id":199,"date":"2018-03-12T15:33:31","date_gmt":"2018-03-12T14:33:31","guid":{"rendered":"http:\/\/mathematik-fuer-ingenieure.de\/?page_id=199"},"modified":"2018-04-28T11:44:46","modified_gmt":"2018-04-28T09:44:46","slug":"4-auflage","status":"publish","type":"page","link":"https:\/\/mathematik-fuer-ingenieure.de\/?page_id=199","title":{"rendered":"4. Auflage"},"content":{"rendered":"<p><a href=\"http:\/\/mathematik-fuer-ingenieure.de\/wp-content\/uploads\/2018\/03\/MfdI4_big.jpg\"><img loading=\"lazy\" decoding=\"async\" class=\"alignleft size-medium wp-image-202\" src=\"http:\/\/mathematik-fuer-ingenieure.de\/wp-content\/uploads\/2018\/03\/MfdI4_big-211x300.jpg\" alt=\"MfdI4_big\" width=\"211\" height=\"300\" srcset=\"https:\/\/mathematik-fuer-ingenieure.de\/wp-content\/uploads\/2018\/03\/MfdI4_big-211x300.jpg 211w, https:\/\/mathematik-fuer-ingenieure.de\/wp-content\/uploads\/2018\/03\/MfdI4_big-1x1.jpg 1w, https:\/\/mathematik-fuer-ingenieure.de\/wp-content\/uploads\/2018\/03\/MfdI4_big.jpg 339w\" sizes=\"auto, (max-width: 211px) 100vw, 211px\" \/><\/a>In der 4. Auflage haben wir Abschnitte \u00fcber orthogonale Vektoren und Matrizen und die Hauptachsentransformation aufgenommen. Das Kapitel \u00fcber Zahlentheorie wurde um zwei Anwendungen erweitert. Bei den Kapiteln \u00fcber Grundlagen, Matrizen und gew\u00f6hnliche Differenzialgleichungen wurden etliche Aufgaben erg\u00e4nzt. Auch f\u00fcr diese Auflage haben wir noch einige kleinere Unstimmigkeiten gegl\u00e4ttet.<\/p>\n<p>-&gt; <a href=\"http:\/\/mathematik-fuer-ingenieure.de\/wp-content\/uploads\/2018\/04\/mfdi4_loesungen.pdf\">L\u00f6sungen der Aufgaben f\u00fcr die 4. Auflage, Stand 28. April 2018<\/a><\/p>\n","protected":false},"excerpt":{"rendered":"<p>In der 4. Auflage haben wir Abschnitte \u00fcber orthogonale Vektoren und Matrizen und die Hauptachsentransformation aufgenommen. Das Kapitel \u00fcber Zahlentheorie wurde um zwei Anwendungen erweitert. Bei den Kapiteln \u00fcber Grundlagen, Matrizen und gew\u00f6hnliche Differenzialgleichungen wurden etliche Aufgaben erg\u00e4nzt. Auch f\u00fcr diese Auflage haben wir noch einige kleinere Unstimmigkeiten gegl\u00e4ttet. -&gt; L\u00f6sungen der Aufgaben f\u00fcr die&#8230;<\/p>\n","protected":false},"author":1,"featured_media":0,"parent":0,"menu_order":0,"comment_status":"closed","ping_status":"closed","template":"","meta":{"footnotes":""},"class_list":["post-199","page","type-page","status-publish","hentry"],"_links":{"self":[{"href":"https:\/\/mathematik-fuer-ingenieure.de\/index.php?rest_route=\/wp\/v2\/pages\/199","targetHints":{"allow":["GET"]}}],"collection":[{"href":"https:\/\/mathematik-fuer-ingenieure.de\/index.php?rest_route=\/wp\/v2\/pages"}],"about":[{"href":"https:\/\/mathematik-fuer-ingenieure.de\/index.php?rest_route=\/wp\/v2\/types\/page"}],"author":[{"embeddable":true,"href":"https:\/\/mathematik-fuer-ingenieure.de\/index.php?rest_route=\/wp\/v2\/users\/1"}],"replies":[{"embeddable":true,"href":"https:\/\/mathematik-fuer-ingenieure.de\/index.php?rest_route=%2Fwp%2Fv2%2Fcomments&post=199"}],"version-history":[{"count":8,"href":"https:\/\/mathematik-fuer-ingenieure.de\/index.php?rest_route=\/wp\/v2\/pages\/199\/revisions"}],"predecessor-version":[{"id":244,"href":"https:\/\/mathematik-fuer-ingenieure.de\/index.php?rest_route=\/wp\/v2\/pages\/199\/revisions\/244"}],"wp:attachment":[{"href":"https:\/\/mathematik-fuer-ingenieure.de\/index.php?rest_route=%2Fwp%2Fv2%2Fmedia&parent=199"}],"curies":[{"name":"wp","href":"https:\/\/api.w.org\/{rel}","templated":true}]}}