{"id":27,"date":"2015-03-18T21:00:50","date_gmt":"2015-03-18T20:00:50","guid":{"rendered":"http:\/\/mathematik-fuer-ingenieure.de\/?page_id=27"},"modified":"2018-04-28T11:45:15","modified_gmt":"2018-04-28T09:45:15","slug":"3-auflage-2115","status":"publish","type":"page","link":"https:\/\/mathematik-fuer-ingenieure.de\/?page_id=27","title":{"rendered":"3. Auflage"},"content":{"rendered":"<p><a href=\"http:\/\/mathematik-fuer-ingenieure.de\/wp-content\/uploads\/2015\/03\/MfdI3_big.jpg\"><img loading=\"lazy\" decoding=\"async\" class=\"alignleft wp-image-97 size-medium\" src=\"http:\/\/mathematik-fuer-ingenieure.de\/wp-content\/uploads\/2015\/03\/MfdI3_big-206x300.jpg\" alt=\"MfdI3_big\" width=\"206\" height=\"300\" srcset=\"https:\/\/mathematik-fuer-ingenieure.de\/wp-content\/uploads\/2015\/03\/MfdI3_big-206x300.jpg 206w, https:\/\/mathematik-fuer-ingenieure.de\/wp-content\/uploads\/2015\/03\/MfdI3_big-704x1024.jpg 704w, https:\/\/mathematik-fuer-ingenieure.de\/wp-content\/uploads\/2015\/03\/MfdI3_big-1x1.jpg 1w, https:\/\/mathematik-fuer-ingenieure.de\/wp-content\/uploads\/2015\/03\/MfdI3_big.jpg 1400w\" sizes=\"auto, (max-width: 206px) 100vw, 206px\" \/><\/a>Wir haben in der 3. Auflage das Thema Funktionen in drei Kapitel aufgeteilt. Der Einstieg in die Funktionen ist nun etwas allgemeiner gehalten und beinhaltet auch Relationen. Ein eigenes klar strukturiertes Kapitel \u00fcber die elementaren Funktionen verbessert den \u00dcberblick \u00fcber diese Funktionen. Die zentralen Themen Folgen, Grenzwerte und Stetigkeit sind nun in einem separaten Kapitel geb\u00fcndelt. Mit Erg\u00e4nzungen bei der z-Transformation und den beiden komplett neuen Kapiteln \u00fcber Differenzengleichungen und elementare Zahlentheorie haben wir weitere Aspekte der diskreten Mathematik erg\u00e4nzt. Einige Aufgaben und L\u00f6sungen sind neu hinzugekommen oder wurden \u00fcberarbeitet.<\/p>\n<p>Die Korrekturen werden nicht in allen PDF-Viewern vollst\u00e4ndig angezeigt. Wir empfehlen die Verwendung von Adobe Acrobat Reader.<\/p>\n<p>-&gt; <a href=\"http:\/\/mathematik-fuer-ingenieure.de\/wp-content\/uploads\/2016\/03\/koch_staempfle_mathematik_fuer_ingenieure_errata_auflage_3.pdf\">Korrekturen f\u00fcr die 3. Auflage, Stand 11. M\u00e4rz 2016<\/a><\/p>\n<p>-&gt;\u00a0<a href=\"http:\/\/mathematik-fuer-ingenieure.de\/wp-content\/uploads\/2018\/04\/mfdi3_loesungen.pdf\">L\u00f6sungen der Aufgaben f\u00fcr die 3. Auflage, Stand 28. April 2018<\/a><\/p>\n","protected":false},"excerpt":{"rendered":"<p>Wir haben in der 3. Auflage das Thema Funktionen in drei Kapitel aufgeteilt. Der Einstieg in die Funktionen ist nun etwas allgemeiner gehalten und beinhaltet auch Relationen. Ein eigenes klar strukturiertes Kapitel \u00fcber die elementaren Funktionen verbessert den \u00dcberblick \u00fcber diese Funktionen. Die zentralen Themen Folgen, Grenzwerte und Stetigkeit sind nun in einem separaten Kapitel&#8230;<\/p>\n","protected":false},"author":1,"featured_media":0,"parent":0,"menu_order":0,"comment_status":"closed","ping_status":"closed","template":"","meta":{"footnotes":""},"class_list":["post-27","page","type-page","status-publish","hentry"],"_links":{"self":[{"href":"https:\/\/mathematik-fuer-ingenieure.de\/index.php?rest_route=\/wp\/v2\/pages\/27","targetHints":{"allow":["GET"]}}],"collection":[{"href":"https:\/\/mathematik-fuer-ingenieure.de\/index.php?rest_route=\/wp\/v2\/pages"}],"about":[{"href":"https:\/\/mathematik-fuer-ingenieure.de\/index.php?rest_route=\/wp\/v2\/types\/page"}],"author":[{"embeddable":true,"href":"https:\/\/mathematik-fuer-ingenieure.de\/index.php?rest_route=\/wp\/v2\/users\/1"}],"replies":[{"embeddable":true,"href":"https:\/\/mathematik-fuer-ingenieure.de\/index.php?rest_route=%2Fwp%2Fv2%2Fcomments&post=27"}],"version-history":[{"count":17,"href":"https:\/\/mathematik-fuer-ingenieure.de\/index.php?rest_route=\/wp\/v2\/pages\/27\/revisions"}],"predecessor-version":[{"id":245,"href":"https:\/\/mathematik-fuer-ingenieure.de\/index.php?rest_route=\/wp\/v2\/pages\/27\/revisions\/245"}],"wp:attachment":[{"href":"https:\/\/mathematik-fuer-ingenieure.de\/index.php?rest_route=%2Fwp%2Fv2%2Fmedia&parent=27"}],"curies":[{"name":"wp","href":"https:\/\/api.w.org\/{rel}","templated":true}]}}