{"id":81,"date":"2015-03-19T09:00:41","date_gmt":"2015-03-19T08:00:41","guid":{"rendered":"http:\/\/mathematik-fuer-ingenieure.de\/?page_id=81"},"modified":"2018-08-07T18:18:15","modified_gmt":"2018-08-07T16:18:15","slug":"home","status":"publish","type":"page","link":"https:\/\/mathematik-fuer-ingenieure.de\/","title":{"rendered":"Home"},"content":{"rendered":"<p>An dieser Stelle finden Sie Erg\u00e4nzungen zum Buch <em>Mathematik f\u00fcr das Ingenieurstudium <\/em>der Autoren J\u00fcrgen Koch und Martin St\u00e4mpfle. Aktuell ist die <a href=\"http:\/\/mathematik-fuer-ingenieure.de\/?page_id=199\">4. Auflage<\/a> erh\u00e4ltlich.<\/p>\n<p>L\u00f6sungen der Aufgaben stehen als pdf-Dateien zum Download bereit. Bitte beachten Sie, dass sich die Aufgaben der unterschiedlichen Auflagen unterscheiden. Wir haben viel Zeit und Energie in die Erstellung der L\u00f6sungen investiert. Wenn Sie Fehler in den L\u00f6sungen entdecken oder Hinweise f\u00fcr Verbesserungen haben, dann schicken Sie uns Ihre Ideen per Email.<\/p>\n<p><!--more-->Begleitend zum Buch stehen f\u00fcr Dozenten Foliens\u00e4tze zur Verf\u00fcgung. Der Zugang zm <a title=\"Dozenten\" href=\"http:\/\/mathematik-fuer-ingenieure.de\/?page_id=14\">Dozentenportal<\/a> ist passwortgesch\u00fctzt. Als Dozent erhalten Sie das Passwort von uns per E-Mail.<\/p>\n<p>Weitere Informationen finden Sie auf den Seiten des <a title=\"Hanser Verlag\" href=\"http:\/\/www.hanser-fachbuch.de\/buch\/Mathematik+fuer+das+Ingenieurstudium\/9783446451667\" target=\"_blank\">Hanser Verlags<\/a>.<\/p>\n","protected":false},"excerpt":{"rendered":"<p>An dieser Stelle finden Sie Erg\u00e4nzungen zum Buch Mathematik f\u00fcr das Ingenieurstudium der Autoren J\u00fcrgen Koch und Martin St\u00e4mpfle. Aktuell ist die 4. Auflage erh\u00e4ltlich. L\u00f6sungen der Aufgaben stehen als pdf-Dateien zum Download bereit. Bitte beachten Sie, dass sich die Aufgaben der unterschiedlichen Auflagen unterscheiden. Wir haben viel Zeit und Energie in die Erstellung der&#8230;<\/p>\n","protected":false},"author":1,"featured_media":0,"parent":0,"menu_order":0,"comment_status":"closed","ping_status":"closed","template":"","meta":{"footnotes":""},"class_list":["post-81","page","type-page","status-publish","hentry"],"_links":{"self":[{"href":"https:\/\/mathematik-fuer-ingenieure.de\/index.php?rest_route=\/wp\/v2\/pages\/81","targetHints":{"allow":["GET"]}}],"collection":[{"href":"https:\/\/mathematik-fuer-ingenieure.de\/index.php?rest_route=\/wp\/v2\/pages"}],"about":[{"href":"https:\/\/mathematik-fuer-ingenieure.de\/index.php?rest_route=\/wp\/v2\/types\/page"}],"author":[{"embeddable":true,"href":"https:\/\/mathematik-fuer-ingenieure.de\/index.php?rest_route=\/wp\/v2\/users\/1"}],"replies":[{"embeddable":true,"href":"https:\/\/mathematik-fuer-ingenieure.de\/index.php?rest_route=%2Fwp%2Fv2%2Fcomments&post=81"}],"version-history":[{"count":17,"href":"https:\/\/mathematik-fuer-ingenieure.de\/index.php?rest_route=\/wp\/v2\/pages\/81\/revisions"}],"predecessor-version":[{"id":248,"href":"https:\/\/mathematik-fuer-ingenieure.de\/index.php?rest_route=\/wp\/v2\/pages\/81\/revisions\/248"}],"wp:attachment":[{"href":"https:\/\/mathematik-fuer-ingenieure.de\/index.php?rest_route=%2Fwp%2Fv2%2Fmedia&parent=81"}],"curies":[{"name":"wp","href":"https:\/\/api.w.org\/{rel}","templated":true}]}}